{"id":1375,"date":"2023-06-05T13:34:12","date_gmt":"2023-06-05T13:34:12","guid":{"rendered":"https:\/\/citic-gradnja.hr\/?page_id=1375"},"modified":"2023-06-07T11:58:46","modified_gmt":"2023-06-07T11:58:46","slug":"pravila-privatnosti","status":"publish","type":"page","link":"http:\/\/citic-gradnja.hr\/en\/pravila-privatnosti\/","title":{"rendered":"Privacy policy"},"content":{"rendered":"<div data-elementor-type=\"wp-page\" data-elementor-id=\"1375\" class=\"elementor elementor-1375\">\n\t\t\t\t\t\t\t\t\t<section class=\"elementor-section elementor-top-section elementor-element elementor-element-608b603 elementor-section-boxed elementor-section-height-default elementor-section-height-default\" data-id=\"608b603\" data-element_type=\"section\">\n\t\t\t\t\t\t<div class=\"elementor-container elementor-column-gap-default\">\n\t\t\t\t\t<div class=\"elementor-column elementor-col-100 elementor-top-column elementor-element elementor-element-c53ea78\" data-id=\"c53ea78\" data-element_type=\"column\">\n\t\t\t<div class=\"elementor-widget-wrap elementor-element-populated\">\n\t\t\t\t\t\t\t\t<div class=\"elementor-element elementor-element-b882763 elementor-widget elementor-widget-text-editor\" data-id=\"b882763\" data-element_type=\"widget\" data-widget_type=\"text-editor.default\">\n\t\t\t\t<div class=\"elementor-widget-container\">\n\t\t\t<style>\/*! elementor - v3.13.3 - 28-05-2023 *\/\n.elementor-widget-text-editor.elementor-drop-cap-view-stacked .elementor-drop-cap{background-color:#69727d;color:#fff}.elementor-widget-text-editor.elementor-drop-cap-view-framed .elementor-drop-cap{color:#69727d;border:3px solid;background-color:transparent}.elementor-widget-text-editor:not(.elementor-drop-cap-view-default) .elementor-drop-cap{margin-top:8px}.elementor-widget-text-editor:not(.elementor-drop-cap-view-default) .elementor-drop-cap-letter{width:1em;height:1em}.elementor-widget-text-editor .elementor-drop-cap{float:left;text-align:center;line-height:1;font-size:50px}.elementor-widget-text-editor .elementor-drop-cap-letter{display:inline-block}<\/style>\t\t\t\t<p>This page informs you about our rules regarding the collection, use, and disclosure of personal data when you use our service. We will not use or share your data with anyone except as described in this Privacy Policy. We use your personal data to provide and improve the service. By using the service, you agree to the collection and use of information in accordance with this policy.<\/p>\n<h5>Information Collection And Use<\/h5>\n<p>Dok koristite na\u0161u uslugu, mo\u017eemo od Vas tra\u017eiti da nam dostavite odre\u0111ene osobne podatke koji se mogu koristiti za kontakt ili identifikaciju. Podaci koji mogu identificirati osobu (&#8220;Osobni podaci&#8221;):<\/p>\n<ul>\n<li>Name and last name<\/li>\n<li>Email address<\/li>\n<li>Telephone number<\/li>\n<\/ul>\n<div>&nbsp;<\/div>\n<h5>Log Data<\/h5>\n<p>Prikupljamo informacije koje Va\u0161 preglednik \u0161alje kad god posjetite na\u0161u uslugu (&#8220;Data log&#8221;). Ovi podaci mogu uklju\u010divati informacije kao \u0161to su adresa internetskog protokola (&#8220;IP&#8221;) Va\u0161eg ra\u010dunala, vrsta preglednika, verzija preglednika, stranice na\u0161e usluge koje posje\u0107ujete, vrijeme i datum Va\u0161eg posjeta, vrijeme provedeno na tim stranicama i druga statistika.<\/p>\n<h5>Cookies<\/h5>\n<p>Kola\u010di\u0107i su datoteke s malom koli\u010dinom podataka, koji mogu uklju\u010divati anonimni jedinstveni identifikator. Kola\u010di\u0107i se \u0161alju u Va\u0161 preglednik s Web stranice i pohranjuju na tvrdi disk Va\u0161eg ra\u010dunala. Koristimo &#8220;kola\u010di\u0107e&#8221; za prikupljanje informacija. Mo\u017eete uputiti svoj preglednik da odbije sve kola\u010di\u0107e ili da nazna\u010di kada se kola\u010di\u0107 \u0161alje. Me\u0111utim, ako ne prihva\u0107ate kola\u010di\u0107e, mo\u017eda ne\u0107ete mo\u0107i koristiti neke dijelove na\u0161e usluge.<\/p>\n<h5>Security<\/h5>\n<p>The security of your personal data is important to us, but please be aware that no method of transmission over the Internet or electronic storage is 100% secure. While we strive to use commercially acceptable means to protect your personal data, we cannot guarantee its absolute security.<\/p>\n<h5>Your rights<\/h5>\n<p>You have the right to receive information about the processing of your personal data, withdraw your consent at any time, correct or amend your personal data to ensure its accuracy, delete your personal data when they are no longer necessary for the purposes stated above, request the transfer of your personal data in a structured format, and file a complaint with the company \u0106iti\u0107 gradnja d.o.o. at the address: Pujanke 24A, 21000 Split, or via email at citic.gradnja@gmail.com, or with the relevant supervisory authority.<\/p>\n<p>Kori\u0161tenjem ove Web stranice dajete privolu na ovu politiku privatnosti, tj. dajete izri\u010ditu privolu da tvrtka \u0106iti\u0107 gradnja d.o.o. prikuplja i dalje obra\u0111uje Va\u0161e osobne podatke, kao i sve druge podatke za koje sazna pru\u017eanjem svojih usluga sukladno zakonskim propisima, a sve u skladu s definiranom svrhom u ovim pravilima. Tako\u0111er potvr\u0111ujete da ste upoznati sa svim bitnim podacima o&nbsp; tvrtki \u0106iti\u0107 gradnja d.o.o. kao i o uslugama i proizvodima koje pru\u017ea.<\/p>\n<h5>The right to submit a complaint to the competent authority<\/h5>\n<p>At any time, you have the right to lodge a complaint directly with the competent supervisory authority: the Croatian Personal Data Protection Agency (AZOP), located at Marti\u0107eva 14, Zagreb. You can contact them at +385 (0)1 4609 999, azop@azop.hr, or visit their website at www.azop.hr.<\/p>\n<h5>Constraint<\/h5>\n<p>Thank you for confirming that you have been informed about all the relevant information regarding \u0106iti\u0107 gradnja d.o.o. and the services and products it provides. By this, you expressly consent to \u0106iti\u0107 gradnja d.o.o. collecting and further processing your personal data, as well as any other data it learns through the provision of its services in accordance with legal regulations, all in line with the defined purpose.<\/p>\n<h5>Changes To This Privacy Policy<\/h5>\n<p>From time to time, we may update our Privacy Policy. We will notify you of any changes by posting the new Privacy Policy on this page. We advise you to review this Privacy Policy periodically for any changes. Changes to this Privacy Policy are effective when they are posted on this page.<\/p>\n<h5>Contact us<\/h5>\n<p>If you have any questions about this Privacy Policy, please contact us.<\/p>\n<p>\u0106iti\u0107 gradnja d.o.o.<\/p>\n<div data-id=\"5df8eb8b\" data-element_type=\"column\">\n<div>\n<div data-id=\"7ed7cc41\" data-element_type=\"widget\" data-settings=\"{&quot;_animation_mobile&quot;:&quot;fadeIn&quot;,&quot;_animation&quot;:&quot;fadeIn&quot;}\" data-widget_type=\"icon-list.default\">\n<div>\n<p>Pujanke 24A, 21000 Split<br>citic.gradnja@gmail.com<br>+385 (0) 21 378 998<br>+385 98 983 3469<\/p>\n<\/div>\n<\/div>\n<\/div>\n<\/div>\t\t\t\t\t\t<\/div>\n\t\t\t\t<\/div>\n\t\t\t\t\t<\/div>\n\t\t<\/div>\n\t\t\t\t\t\t\t<\/div>\n\t\t<\/section>\n\t\t\t\t\t\t\t<\/div>","protected":false},"excerpt":{"rendered":"<p>Ova stranica Vas obavje\u0161tava o na\u0161im pravilima u vezi s prikupljanjem, kori\u0161tenjem i otkrivanjem osobnih podataka kada koristite na\u0161u uslugu. Va\u0161e podatke ne\u0107emo koristiti niti dijeliti ni s kim osim na na\u010din opisan u ovim Pravilima privatnosti. Va\u0161e osobne podatke koristimo za pru\u017eanje i pobolj\u0161anje usluge. Kori\u0161tenjem usluge pristajete na prikupljanje i kori\u0161tenje informacija u [&hellip;]<\/p>","protected":false},"author":1,"featured_media":0,"parent":0,"menu_order":0,"comment_status":"closed","ping_status":"closed","template":"elementor_header_footer","meta":{"footnotes":""},"class_list":["post-1375","page","type-page","status-publish","hentry"],"aioseo_notices":[],"_links":{"self":[{"href":"http:\/\/citic-gradnja.hr\/en\/wp-json\/wp\/v2\/pages\/1375","targetHints":{"allow":["GET"]}}],"collection":[{"href":"http:\/\/citic-gradnja.hr\/en\/wp-json\/wp\/v2\/pages"}],"about":[{"href":"http:\/\/citic-gradnja.hr\/en\/wp-json\/wp\/v2\/types\/page"}],"author":[{"embeddable":true,"href":"http:\/\/citic-gradnja.hr\/en\/wp-json\/wp\/v2\/users\/1"}],"replies":[{"embeddable":true,"href":"http:\/\/citic-gradnja.hr\/en\/wp-json\/wp\/v2\/comments?post=1375"}],"version-history":[{"count":0,"href":"http:\/\/citic-gradnja.hr\/en\/wp-json\/wp\/v2\/pages\/1375\/revisions"}],"wp:attachment":[{"href":"http:\/\/citic-gradnja.hr\/en\/wp-json\/wp\/v2\/media?parent=1375"}],"curies":[{"name":"wp","href":"https:\/\/api.w.org\/{rel}","templated":true}]}}